{"id":8309,"date":"2018-11-05T15:55:44","date_gmt":"2018-11-05T14:55:44","guid":{"rendered":"http:\/\/vandoren.fr\/double-reeds\/"},"modified":"2019-06-03T15:01:58","modified_gmt":"2019-06-03T13:01:58","slug":"double-reeds","status":"publish","type":"page","link":"https:\/\/vandoren.fr\/en\/double-reeds\/","title":{"rendered":"Double Reeds"},"content":{"rendered":"\t\t<div data-elementor-type=\"wp-page\" data-elementor-id=\"8309\" class=\"elementor elementor-8309 elementor-3741 elementor-bc-flex-widget\" data-elementor-post-type=\"page\">\n\t\t\t\t\t\t<section class=\"elementor-section elementor-top-section elementor-element elementor-element-b3c5f4d elementor-section-full_width elementor-section-height-default elementor-section-height-default\" data-id=\"b3c5f4d\" data-element_type=\"section\" data-e-type=\"section\">\n\t\t\t\t\t\t<div class=\"elementor-container elementor-column-gap-default\">\n\t\t\t\t\t<div class=\"elementor-column elementor-col-100 elementor-top-column elementor-element elementor-element-c97f66f\" data-id=\"c97f66f\" data-element_type=\"column\" data-e-type=\"column\">\n\t\t\t<div class=\"elementor-widget-wrap elementor-element-populated\">\n\t\t\t\t\t\t<div class=\"elementor-element elementor-element-be73839 elementor-widget elementor-widget-spacer\" data-id=\"be73839\" data-element_type=\"widget\" data-e-type=\"widget\" data-widget_type=\"spacer.default\">\n\t\t\t\t<div class=\"elementor-widget-container\">\n\t\t\t\t\t\t\t<div class=\"elementor-spacer\">\n\t\t\t<div class=\"elementor-spacer-inner\"><\/div>\n\t\t<\/div>\n\t\t\t\t\t\t<\/div>\n\t\t\t\t<\/div>\n\t\t\t\t<div class=\"elementor-element elementor-element-045f6fd ee-text-divider--left elementor-widget elementor-widget-text-divider\" data-id=\"045f6fd\" data-element_type=\"widget\" data-e-type=\"widget\" data-widget_type=\"text-divider.default\">\n\t\t\t\t<div class=\"elementor-widget-container\">\n\t\t\t\t\t\t\t<div class=\"ee-text-divider\">\n\t\t\t<div class=\"ee-text-divider__divider ee-text-divider__before\"><\/div>\n\t\t\t<h1 class=\"ee-text-divider__text\">\n\t\t\t\t\t\t\t\t\t\tDouble Reeds\t\t\t\t\t\t\t<\/h1>\n\t\t\t<div class=\"ee-text-divider__divider ee-text-divider__after\"><\/div>\n\t\t<\/div>\n\t\t\t\t\t\t<\/div>\n\t\t\t\t<\/div>\n\t\t\t\t<div class=\"elementor-element elementor-element-a6530cc elementor-widget elementor-widget-spacer\" data-id=\"a6530cc\" data-element_type=\"widget\" data-e-type=\"widget\" data-widget_type=\"spacer.default\">\n\t\t\t\t<div class=\"elementor-widget-container\">\n\t\t\t\t\t\t\t<div class=\"elementor-spacer\">\n\t\t\t<div class=\"elementor-spacer-inner\"><\/div>\n\t\t<\/div>\n\t\t\t\t\t\t<\/div>\n\t\t\t\t<\/div>\n\t\t\t\t\t<\/div>\n\t\t<\/div>\n\t\t\t\t\t<\/div>\n\t\t<\/section>\n\t\t\t\t<section class=\"elementor-section elementor-top-section elementor-element elementor-element-f4cfbd2 elementor-section-full_width elementor-section-height-default elementor-section-height-default\" data-id=\"f4cfbd2\" data-element_type=\"section\" data-e-type=\"section\">\n\t\t\t\t\t\t<div class=\"elementor-container elementor-column-gap-default\">\n\t\t\t\t\t<div class=\"elementor-column elementor-col-100 elementor-top-column elementor-element elementor-element-29cd94f\" data-id=\"29cd94f\" data-element_type=\"column\" data-e-type=\"column\">\n\t\t\t<div class=\"elementor-widget-wrap elementor-element-populated\">\n\t\t\t\t\t\t<div class=\"elementor-element elementor-element-b20a8ce elementor-widget elementor-widget-heading\" data-id=\"b20a8ce\" data-element_type=\"widget\" data-e-type=\"widget\" data-widget_type=\"heading.default\">\n\t\t\t\t<div class=\"elementor-widget-container\">\n\t\t\t\t\t<h2 class=\"elementor-heading-title elementor-size-default\">Gouged &amp; shaped double reeds<\/h2>\t\t\t\t<\/div>\n\t\t\t\t<\/div>\n\t\t\t\t<div class=\"elementor-element elementor-element-eb84a23 elementor-widget elementor-widget-text-editor\" data-id=\"eb84a23\" data-element_type=\"widget\" data-e-type=\"widget\" data-widget_type=\"text-editor.default\">\n\t\t\t\t<div class=\"elementor-widget-container\">\n\t\t\t\t\t\t\t\t\t<p>Vandoren double reeds are made with the best cane. They are cut and assembled with great care by Vandoren master craftsmen. Available for Oboe, English Horn, Heckel Bassoon, French Bassoon, Heckel Double Bass, French Contrabassoon and Sarrussophone.<\/p>\n\t\t\t\t\t\t\t\t<\/div>\n\t\t\t\t<\/div>\n\t\t\t\t<div class=\"elementor-element elementor-element-797163d elementor-widget elementor-widget-toolset-view\" data-id=\"797163d\" data-element_type=\"widget\" data-e-type=\"widget\" data-widget_type=\"toolset-view.default\">\n\t\t\t\t<div class=\"elementor-widget-container\">\n\t\t\t\t\t\n\n\n<div id=\"wpv-view-layout-3738\" class=\"js-wpv-view-layout js-wpv-layout-responsive js-wpv-view-layout-3738\" data-viewnumber=\"3738\" data-pagination=\"{&quot;id&quot;:3738,&quot;query&quot;:&quot;normal&quot;,&quot;type&quot;:&quot;disabled&quot;,&quot;effect&quot;:&quot;fade&quot;,&quot;duration&quot;:500,&quot;speed&quot;:5,&quot;pause_on_hover&quot;:&quot;disabled&quot;,&quot;stop_rollover&quot;:&quot;false&quot;,&quot;cache_pages&quot;:&quot;enabled&quot;,&quot;preload_images&quot;:&quot;enabled&quot;,&quot;preload_pages&quot;:&quot;enabled&quot;,&quot;preload_reach&quot;:1,&quot;spinner&quot;:&quot;builtin&quot;,&quot;spinner_image&quot;:&quot;https:\/\/vandoren.fr\/wp-content\/plugins\/wp-views\/embedded\/res\/img\/ajax-loader.gif&quot;,&quot;callback_next&quot;:&quot;&quot;,&quot;manage_history&quot;:&quot;enabled&quot;,&quot;has_controls_in_form&quot;:&quot;disabled&quot;,&quot;infinite_tolerance&quot;:&quot;0&quot;,&quot;max_pages&quot;:0,&quot;page&quot;:1,&quot;base_permalink&quot;:&quot;\/en\/wp-json\/wp\/v2\/pages\/8309?wpv_view_count=3738&amp;wpv_paged=WPV_PAGE_NUM&quot;,&quot;loop&quot;:{&quot;type&quot;:&quot;&quot;,&quot;name&quot;:&quot;&quot;,&quot;data&quot;:[],&quot;id&quot;:0}}\" data-permalink=\"\/en\/wp-json\/wp\/v2\/pages\/8309?wpv_view_count=3738\">\n\n\t\n\t<div class=\"roro row\">\n\t\n\t\n\t\t  \t<div class=\"item-anchedouble-wrapper col-xs-6 col-sm-4 col-md-3\">\n      <div class=\"item-anchedouble\">\n      \t<div class=\"img-anchedouble\">\n      \t\t<img decoding=\"async\" src=\"https:\/\/vandoren.fr\/wp-content\/uploads\/2018\/10\/or-10-14-16-e1541426948209-wpcf_45x200.jpg\" \/>\n  \t\t<\/div>\n\t\t<div class=\"instru-anchedouble\">\n      \t\tOboe\n\t\t<\/div>\n\t\t<div class=\"ref-force-anchedouble\">\n      \t\tOR14 <small>(strength Easy)<\/small>\n \t\t<\/div>\n      <\/div>\n  \t<\/div>\n\n\t\n\t\t  \t<div class=\"item-anchedouble-wrapper col-xs-6 col-sm-4 col-md-3\">\n      <div class=\"item-anchedouble\">\n      \t<div class=\"img-anchedouble\">\n      \t\t<img decoding=\"async\" src=\"https:\/\/vandoren.fr\/wp-content\/uploads\/2018\/10\/or-10-14-16-e1541426948209-wpcf_45x200.jpg\" \/>\n  \t\t<\/div>\n\t\t<div class=\"instru-anchedouble\">\n      \t\tOboe\n\t\t<\/div>\n\t\t<div class=\"ref-force-anchedouble\">\n      \t\tOR16 <small>(strength Hard)<\/small>\n \t\t<\/div>\n      <\/div>\n  \t<\/div>\n\n\t\n\t\t  \t<div class=\"item-anchedouble-wrapper col-xs-6 col-sm-4 col-md-3\">\n      <div class=\"item-anchedouble\">\n      \t<div class=\"img-anchedouble\">\n      \t\t<img decoding=\"async\" src=\"https:\/\/vandoren.fr\/wp-content\/uploads\/2018\/10\/or-10-14-16-e1541426948209-wpcf_45x200.jpg\" \/>\n  \t\t<\/div>\n\t\t<div class=\"instru-anchedouble\">\n      \t\tOboe\n\t\t<\/div>\n\t\t<div class=\"ref-force-anchedouble\">\n      \t\tOR10 <small>(strength Medium)<\/small>\n \t\t<\/div>\n      <\/div>\n  \t<\/div>\n\n\t\n\t\t  \t<div class=\"item-anchedouble-wrapper col-xs-6 col-sm-4 col-md-3\">\n      <div class=\"item-anchedouble\">\n      \t<div class=\"img-anchedouble\">\n      \t\t<img decoding=\"async\" src=\"https:\/\/vandoren.fr\/wp-content\/uploads\/2018\/10\/EH10-e1541427223276-wpcf_47x200.jpg\" \/>\n  \t\t<\/div>\n\t\t<div class=\"instru-anchedouble\">\n      \t\tEnglish horn\n\t\t<\/div>\n\t\t<div class=\"ref-force-anchedouble\">\n      \t\tEH10 \n \t\t<\/div>\n      <\/div>\n  \t<\/div>\n\n\t\n\t\t  \t<div class=\"item-anchedouble-wrapper col-xs-6 col-sm-4 col-md-3\">\n      <div class=\"item-anchedouble\">\n      \t<div class=\"img-anchedouble\">\n      \t\t<img decoding=\"async\" src=\"https:\/\/vandoren.fr\/wp-content\/uploads\/2018\/10\/HB10-e1541427263442-wpcf_81x200.jpg\" \/>\n  \t\t<\/div>\n\t\t<div class=\"instru-anchedouble\">\n      \t\tHeckel bassoon\n\t\t<\/div>\n\t\t<div class=\"ref-force-anchedouble\">\n      \t\tHB10 \n \t\t<\/div>\n      <\/div>\n  \t<\/div>\n\n\t\n\t\t  \t<div class=\"item-anchedouble-wrapper col-xs-6 col-sm-4 col-md-3\">\n      <div class=\"item-anchedouble\">\n      \t<div class=\"img-anchedouble\">\n      \t\t<img decoding=\"async\" src=\"https:\/\/vandoren.fr\/wp-content\/uploads\/2018\/10\/FB10-e1541427304726-wpcf_67x200.jpg\" \/>\n  \t\t<\/div>\n\t\t<div class=\"instru-anchedouble\">\n      \t\tFrench bassoon\n\t\t<\/div>\n\t\t<div class=\"ref-force-anchedouble\">\n      \t\tFB10 \n \t\t<\/div>\n      <\/div>\n  \t<\/div>\n\n\t\n\t\t  \t<div class=\"item-anchedouble-wrapper col-xs-6 col-sm-4 col-md-3\">\n      <div class=\"item-anchedouble\">\n      \t<div class=\"img-anchedouble\">\n      \t\t<img decoding=\"async\" src=\"https:\/\/vandoren.fr\/wp-content\/uploads\/2018\/10\/HC10-e1541427335797-wpcf_70x200.jpg\" \/>\n  \t\t<\/div>\n\t\t<div class=\"instru-anchedouble\">\n      \t\tHeckel contrabassoon\n\t\t<\/div>\n\t\t<div class=\"ref-force-anchedouble\">\n      \t\tHC10 \n \t\t<\/div>\n      <\/div>\n  \t<\/div>\n\n\t\n\t\t  \t<div class=\"item-anchedouble-wrapper col-xs-6 col-sm-4 col-md-3\">\n      <div class=\"item-anchedouble\">\n      \t<div class=\"img-anchedouble\">\n      \t\t<img decoding=\"async\" src=\"https:\/\/vandoren.fr\/wp-content\/uploads\/2018\/10\/FC10-e1541427366995-wpcf_67x200.jpg\" \/>\n  \t\t<\/div>\n\t\t<div class=\"instru-anchedouble\">\n      \t\tFrench contrabassoon\n\t\t<\/div>\n\t\t<div class=\"ref-force-anchedouble\">\n      \t\tFC10 \n \t\t<\/div>\n      <\/div>\n  \t<\/div>\n\n\t\n\t\t  \t<div class=\"item-anchedouble-wrapper col-xs-6 col-sm-4 col-md-3\">\n      <div class=\"item-anchedouble\">\n      \t<div class=\"img-anchedouble\">\n      \t\t<img decoding=\"async\" src=\"https:\/\/vandoren.fr\/wp-content\/uploads\/2018\/10\/SA10-e1541427406322-wpcf_59x200.jpg\" \/>\n  \t\t<\/div>\n\t\t<div class=\"instru-anchedouble\">\n      \t\tSarussophone\n\t\t<\/div>\n\t\t<div class=\"ref-force-anchedouble\">\n      \t\tSA10 \n \t\t<\/div>\n      <\/div>\n  \t<\/div>\n\n\t\n\t\n    <\/div>\n\t\n\t\n<\/div>\n\t\t\t\t<\/div>\n\t\t\t\t<\/div>\n\t\t\t\t\t<\/div>\n\t\t<\/div>\n\t\t\t\t\t<\/div>\n\t\t<\/section>\n\t\t\t\t<section class=\"elementor-section elementor-top-section elementor-element elementor-element-bb66289 elementor-section-boxed elementor-section-height-default elementor-section-height-default\" data-id=\"bb66289\" data-element_type=\"section\" data-e-type=\"section\">\n\t\t\t\t\t\t<div class=\"elementor-container elementor-column-gap-default\">\n\t\t\t\t\t<div class=\"elementor-column elementor-col-100 elementor-top-column elementor-element elementor-element-bce31e8\" data-id=\"bce31e8\" data-element_type=\"column\" data-e-type=\"column\">\n\t\t\t<div class=\"elementor-widget-wrap elementor-element-populated\">\n\t\t\t\t\t\t<div class=\"elementor-element elementor-element-77becf0 elementor-widget elementor-widget-spacer\" data-id=\"77becf0\" data-element_type=\"widget\" data-e-type=\"widget\" data-widget_type=\"spacer.default\">\n\t\t\t\t<div class=\"elementor-widget-container\">\n\t\t\t\t\t\t\t<div class=\"elementor-spacer\">\n\t\t\t<div class=\"elementor-spacer-inner\"><\/div>\n\t\t<\/div>\n\t\t\t\t\t\t<\/div>\n\t\t\t\t<\/div>\n\t\t\t\t\t<\/div>\n\t\t<\/div>\n\t\t\t\t\t<\/div>\n\t\t<\/section>\n\t\t\t\t<section class=\"elementor-section elementor-top-section elementor-element elementor-element-429a645 elementor-section-full_width elementor-section-height-default elementor-section-height-default\" data-id=\"429a645\" data-element_type=\"section\" data-e-type=\"section\">\n\t\t\t\t\t\t<div class=\"elementor-container elementor-column-gap-default\">\n\t\t\t\t\t<div class=\"elementor-column elementor-col-100 elementor-top-column elementor-element elementor-element-859d315\" data-id=\"859d315\" data-element_type=\"column\" data-e-type=\"column\">\n\t\t\t<div class=\"elementor-widget-wrap elementor-element-populated\">\n\t\t\t\t\t\t<div class=\"elementor-element elementor-element-1772f45 elementor-widget elementor-widget-heading\" data-id=\"1772f45\" data-element_type=\"widget\" data-e-type=\"widget\" data-widget_type=\"heading.default\">\n\t\t\t\t<div class=\"elementor-widget-container\">\n\t\t\t\t\t<h2 class=\"elementor-heading-title elementor-size-default\">Vandoren Cane<\/h2>\t\t\t\t<\/div>\n\t\t\t\t<\/div>\n\t\t\t\t<div class=\"elementor-element elementor-element-0c639ef elementor-widget elementor-widget-text-editor\" data-id=\"0c639ef\" data-element_type=\"widget\" data-e-type=\"widget\" data-widget_type=\"text-editor.default\">\n\t\t\t\t<div class=\"elementor-widget-container\">\n\t\t\t\t\t\t\t\t\t<p>To make your double reeds at your convenience, Vandoren offers raw or semi-cut pieces from the best canes. Sold by 10 pieces or by the kilo.<\/p>\n\t\t\t\t\t\t\t\t<\/div>\n\t\t\t\t<\/div>\n\t\t\t\t<div class=\"elementor-element elementor-element-5950dd4 elementor-widget elementor-widget-toolset-view\" data-id=\"5950dd4\" data-element_type=\"widget\" data-e-type=\"widget\" data-widget_type=\"toolset-view.default\">\n\t\t\t\t<div class=\"elementor-widget-container\">\n\t\t\t\t\t\n\n\n<div id=\"wpv-view-layout-3770\" class=\"js-wpv-view-layout js-wpv-layout-responsive js-wpv-view-layout-3770\" data-viewnumber=\"3770\" data-pagination=\"{&quot;id&quot;:3770,&quot;query&quot;:&quot;normal&quot;,&quot;type&quot;:&quot;disabled&quot;,&quot;effect&quot;:&quot;fade&quot;,&quot;duration&quot;:500,&quot;speed&quot;:5,&quot;pause_on_hover&quot;:&quot;disabled&quot;,&quot;stop_rollover&quot;:&quot;false&quot;,&quot;cache_pages&quot;:&quot;enabled&quot;,&quot;preload_images&quot;:&quot;enabled&quot;,&quot;preload_pages&quot;:&quot;enabled&quot;,&quot;preload_reach&quot;:1,&quot;spinner&quot;:&quot;builtin&quot;,&quot;spinner_image&quot;:&quot;https:\/\/vandoren.fr\/wp-content\/plugins\/wp-views\/embedded\/res\/img\/ajax-loader.gif&quot;,&quot;callback_next&quot;:&quot;&quot;,&quot;manage_history&quot;:&quot;enabled&quot;,&quot;has_controls_in_form&quot;:&quot;disabled&quot;,&quot;infinite_tolerance&quot;:&quot;0&quot;,&quot;max_pages&quot;:0,&quot;page&quot;:1,&quot;base_permalink&quot;:&quot;\/en\/wp-json\/wp\/v2\/pages\/8309?wpv_view_count=3770&amp;wpv_paged=WPV_PAGE_NUM&quot;,&quot;loop&quot;:{&quot;type&quot;:&quot;&quot;,&quot;name&quot;:&quot;&quot;,&quot;data&quot;:[],&quot;id&quot;:0}}\" data-permalink=\"\/en\/wp-json\/wp\/v2\/pages\/8309?wpv_view_count=3770\">\n\n\t\n\t<div class=\"row\">\n\t\n\t\n\t\t  \t<div class=\"item-roseau-wrapper col-xs-6 col-sm-4 col-md-3\">\n      <div class=\"item-roseau\">\n      \t<div class=\"img-roseau\">\n      \t\t<img decoding=\"async\" src=\"https:\/\/vandoren.fr\/wp-content\/uploads\/2018\/10\/10-pieces-roseau-vandoren-gouge-taille-1-e1541427768157-wpcf_197x200.jpg\" \/>\n  \t\t<\/div>\n\t\t<div class=\"instru-roseau\">\n      \t\tOboe\n\t\t<\/div>\n        <div class=\"instru-roseau\">\n          <i>goug\u00e9, taill\u00e9<\/i>\n\t\t<\/div>\n\t\t<div class=\"ref-force-roseau\">\n      \t\tPack of 10 pieces<br>OCS30 <small>(force Easy)<\/small>\n \t\t<\/div>\n      <\/div>\n  \t<\/div>\n\n\t\n\t\t  \t<div class=\"item-roseau-wrapper col-xs-6 col-sm-4 col-md-3\">\n      <div class=\"item-roseau\">\n      \t<div class=\"img-roseau\">\n      \t\t<img decoding=\"async\" src=\"https:\/\/vandoren.fr\/wp-content\/uploads\/2018\/10\/10-pieces-roseau-vandoren-gouge-taille-1-e1541427768157-wpcf_197x200.jpg\" \/>\n  \t\t<\/div>\n\t\t<div class=\"instru-roseau\">\n      \t\tOboe\n\t\t<\/div>\n        <div class=\"instru-roseau\">\n          <i>goug\u00e9, taill\u00e9<\/i>\n\t\t<\/div>\n\t\t<div class=\"ref-force-roseau\">\n      \t\tPack of 10 pieces<br>OCS31 <small>(force Medium)<\/small>\n \t\t<\/div>\n      <\/div>\n  \t<\/div>\n\n\t\n\t\t  \t<div class=\"item-roseau-wrapper col-xs-6 col-sm-4 col-md-3\">\n      <div class=\"item-roseau\">\n      \t<div class=\"img-roseau\">\n      \t\t<img decoding=\"async\" src=\"https:\/\/vandoren.fr\/wp-content\/uploads\/2018\/10\/10-pieces-roseau-vandoren-gouge-taille-1-e1541427768157-wpcf_197x200.jpg\" \/>\n  \t\t<\/div>\n\t\t<div class=\"instru-roseau\">\n      \t\tOboe\n\t\t<\/div>\n        <div class=\"instru-roseau\">\n          <i>goug\u00e9, taill\u00e9<\/i>\n\t\t<\/div>\n\t\t<div class=\"ref-force-roseau\">\n      \t\tPack of 10 pieces<br>OCS32 <small>(force Hard)<\/small>\n \t\t<\/div>\n      <\/div>\n  \t<\/div>\n\n\t\n\t\t  \t<div class=\"item-roseau-wrapper col-xs-6 col-sm-4 col-md-3\">\n      <div class=\"item-roseau\">\n      \t<div class=\"img-roseau\">\n      \t\t<img decoding=\"async\" src=\"https:\/\/vandoren.fr\/wp-content\/uploads\/2018\/10\/10-pieces-roseau-vandoren-gouge-taille-1-e1541427768157-wpcf_197x200.jpg\" \/>\n  \t\t<\/div>\n\t\t<div class=\"instru-roseau\">\n      \t\tEnglish horn\n\t\t<\/div>\n        <div class=\"instru-roseau\">\n          <i>goug\u00e9, taill\u00e9<\/i>\n\t\t<\/div>\n\t\t<div class=\"ref-force-roseau\">\n      \t\tPack of 10 pieces<br>ECS30 \n \t\t<\/div>\n      <\/div>\n  \t<\/div>\n\n\t\n\t\t  \t<div class=\"item-roseau-wrapper col-xs-6 col-sm-4 col-md-3\">\n      <div class=\"item-roseau\">\n      \t<div class=\"img-roseau\">\n      \t\t<img decoding=\"async\" src=\"https:\/\/vandoren.fr\/wp-content\/uploads\/2018\/10\/10-pieces-roseau-vandoren-gouge-taille-1-e1541427768157-wpcf_197x200.jpg\" \/>\n  \t\t<\/div>\n\t\t<div class=\"instru-roseau\">\n      \t\tHeckel bassoon\n\t\t<\/div>\n        <div class=\"instru-roseau\">\n          <i>goug\u00e9, taill\u00e9<\/i>\n\t\t<\/div>\n\t\t<div class=\"ref-force-roseau\">\n      \t\tPack of 10 pieces<br>HBS30 \n \t\t<\/div>\n      <\/div>\n  \t<\/div>\n\n\t\n\t\t  \t<div class=\"item-roseau-wrapper col-xs-6 col-sm-4 col-md-3\">\n      <div class=\"item-roseau\">\n      \t<div class=\"img-roseau\">\n      \t\t<img decoding=\"async\" src=\"https:\/\/vandoren.fr\/wp-content\/uploads\/2018\/10\/10-pieces-roseau-vandoren-gouge-e1541427865392-wpcf_191x200.jpg\" \/>\n  \t\t<\/div>\n\t\t<div class=\"instru-roseau\">\n      \t\tOboe\n\t\t<\/div>\n        <div class=\"instru-roseau\">\n          <i>goug\u00e9<\/i>\n\t\t<\/div>\n\t\t<div class=\"ref-force-roseau\">\n      \t\tPack of 10 pieces<br>OCS20 <small>(force Easy)<\/small>\n \t\t<\/div>\n      <\/div>\n  \t<\/div>\n\n\t\n\t\t  \t<div class=\"item-roseau-wrapper col-xs-6 col-sm-4 col-md-3\">\n      <div class=\"item-roseau\">\n      \t<div class=\"img-roseau\">\n      \t\t<img decoding=\"async\" src=\"https:\/\/vandoren.fr\/wp-content\/uploads\/2018\/10\/10-pieces-roseau-vandoren-gouge-e1541427865392-wpcf_191x200.jpg\" \/>\n  \t\t<\/div>\n\t\t<div class=\"instru-roseau\">\n      \t\tOboe\n\t\t<\/div>\n        <div class=\"instru-roseau\">\n          <i>goug\u00e9<\/i>\n\t\t<\/div>\n\t\t<div class=\"ref-force-roseau\">\n      \t\tPack of 10 pieces<br>OCS21 <small>(force Medium)<\/small>\n \t\t<\/div>\n      <\/div>\n  \t<\/div>\n\n\t\n\t\t  \t<div class=\"item-roseau-wrapper col-xs-6 col-sm-4 col-md-3\">\n      <div class=\"item-roseau\">\n      \t<div class=\"img-roseau\">\n      \t\t<img decoding=\"async\" src=\"https:\/\/vandoren.fr\/wp-content\/uploads\/2018\/10\/10-pieces-roseau-vandoren-gouge-e1541427865392-wpcf_191x200.jpg\" \/>\n  \t\t<\/div>\n\t\t<div class=\"instru-roseau\">\n      \t\tOboe\n\t\t<\/div>\n        <div class=\"instru-roseau\">\n          <i>goug\u00e9<\/i>\n\t\t<\/div>\n\t\t<div class=\"ref-force-roseau\">\n      \t\tPack of 10 pieces<br>OCS22 <small>(force Hard)<\/small>\n \t\t<\/div>\n      <\/div>\n  \t<\/div>\n\n\t\n\t\t  \t<div class=\"item-roseau-wrapper col-xs-6 col-sm-4 col-md-3\">\n      <div class=\"item-roseau\">\n      \t<div class=\"img-roseau\">\n      \t\t<img decoding=\"async\" src=\"https:\/\/vandoren.fr\/wp-content\/uploads\/2018\/10\/10-pieces-roseau-vandoren-gouge-e1541427865392-wpcf_191x200.jpg\" \/>\n  \t\t<\/div>\n\t\t<div class=\"instru-roseau\">\n      \t\tEnglish horn\n\t\t<\/div>\n        <div class=\"instru-roseau\">\n          <i>goug\u00e9<\/i>\n\t\t<\/div>\n\t\t<div class=\"ref-force-roseau\">\n      \t\tPack of 10 pieces<br>EC20 \n \t\t<\/div>\n      <\/div>\n  \t<\/div>\n\n\t\n\t\t  \t<div class=\"item-roseau-wrapper col-xs-6 col-sm-4 col-md-3\">\n      <div class=\"item-roseau\">\n      \t<div class=\"img-roseau\">\n      \t\t<img decoding=\"async\" src=\"https:\/\/vandoren.fr\/wp-content\/uploads\/2018\/10\/10-pieces-roseau-vandoren-gouge-e1541427865392-wpcf_191x200.jpg\" \/>\n  \t\t<\/div>\n\t\t<div class=\"instru-roseau\">\n      \t\tHeckel bassoon\n\t\t<\/div>\n        <div class=\"instru-roseau\">\n          <i>goug\u00e9<\/i>\n\t\t<\/div>\n\t\t<div class=\"ref-force-roseau\">\n      \t\tPack of 10 pieces<br>HC20 \n \t\t<\/div>\n      <\/div>\n  \t<\/div>\n\n\t\n\t\t  \t<div class=\"item-roseau-wrapper col-xs-6 col-sm-4 col-md-3\">\n      <div class=\"item-roseau\">\n      \t<div class=\"img-roseau\">\n      \t\t<img decoding=\"async\" src=\"https:\/\/vandoren.fr\/wp-content\/uploads\/2018\/10\/HBSP40-e1541427956435-wpcf_204x200.jpg\" \/>\n  \t\t<\/div>\n\t\t<div class=\"instru-roseau\">\n      \t\tHeckel bassoon\n\t\t<\/div>\n        <div class=\"instru-roseau\">\n          <i>goug\u00e9, taill\u00e9, effil\u00e9<\/i>\n\t\t<\/div>\n\t\t<div class=\"ref-force-roseau\">\n      \t\tPack of 10 pieces<br>HBSP40 \n \t\t<\/div>\n      <\/div>\n  \t<\/div>\n\n\t\n\t\t  \t<div class=\"item-roseau-wrapper col-xs-6 col-sm-4 col-md-3\">\n      <div class=\"item-roseau\">\n      \t<div class=\"img-roseau\">\n      \t\t<img decoding=\"async\" src=\"https:\/\/vandoren.fr\/wp-content\/uploads\/2018\/10\/1-kilo-de-roseau-brut-vandoren-e1541428001662-wpcf_205x200.jpg\" \/>\n  \t\t<\/div>\n\t\t<div class=\"instru-roseau\">\n      \t\tOboe\n\t\t<\/div>\n        <div class=\"instru-roseau\">\n          <i>Brut<\/i>\n\t\t<\/div>\n\t\t<div class=\"ref-force-roseau\">\n      \t\tPack of 1 kg<br>ROC50 \n \t\t<\/div>\n      <\/div>\n  \t<\/div>\n\n\t\n\t\t  \t<div class=\"item-roseau-wrapper col-xs-6 col-sm-4 col-md-3\">\n      <div class=\"item-roseau\">\n      \t<div class=\"img-roseau\">\n      \t\t<img decoding=\"async\" src=\"https:\/\/vandoren.fr\/wp-content\/uploads\/2018\/10\/1-kilo-de-roseau-brut-vandoren-e1541428001662-wpcf_205x200.jpg\" \/>\n  \t\t<\/div>\n\t\t<div class=\"instru-roseau\">\n      \t\tHeckel bassoon\n\t\t<\/div>\n        <div class=\"instru-roseau\">\n          <i>Brut<\/i>\n\t\t<\/div>\n\t\t<div class=\"ref-force-roseau\">\n      \t\tPack of 1 kg<br>RHB50 \n \t\t<\/div>\n      <\/div>\n  \t<\/div>\n\n\t\n\t\n    <\/div>\n\t\n\t\n<\/div>\n\t\t\t\t<\/div>\n\t\t\t\t<\/div>\n\t\t\t\t\t<\/div>\n\t\t<\/div>\n\t\t\t\t\t<\/div>\n\t\t<\/section>\n\t\t\t\t<section class=\"elementor-section elementor-top-section elementor-element elementor-element-b29d391 elementor-section-full_width elementor-section-height-default elementor-section-height-default\" data-id=\"b29d391\" data-element_type=\"section\" data-e-type=\"section\">\n\t\t\t\t\t\t<div class=\"elementor-container elementor-column-gap-default\">\n\t\t\t\t\t<div class=\"elementor-column elementor-col-100 elementor-top-column elementor-element elementor-element-c4fdbf9\" data-id=\"c4fdbf9\" data-element_type=\"column\" data-e-type=\"column\">\n\t\t\t<div class=\"elementor-widget-wrap elementor-element-populated\">\n\t\t\t\t\t\t<div class=\"elementor-element elementor-element-9b0f3d5 elementor-widget elementor-widget-spacer\" data-id=\"9b0f3d5\" data-element_type=\"widget\" data-e-type=\"widget\" data-widget_type=\"spacer.default\">\n\t\t\t\t<div class=\"elementor-widget-container\">\n\t\t\t\t\t\t\t<div class=\"elementor-spacer\">\n\t\t\t<div class=\"elementor-spacer-inner\"><\/div>\n\t\t<\/div>\n\t\t\t\t\t\t<\/div>\n\t\t\t\t<\/div>\n\t\t\t\t\t<\/div>\n\t\t<\/div>\n\t\t\t\t\t<\/div>\n\t\t<\/section>\n\t\t\t\t<\/div>\n\t\t","protected":false},"excerpt":{"rendered":"<p>Double Reeds Gouged &amp; shaped double reeds Vandoren double reeds are made with the best cane. They are cut and assembled with great care by Vandoren master craftsmen. Available for Oboe, English Horn, Heckel Bassoon, French Bassoon, Heckel Double Bass, French Contrabassoon and Sarrussophone. Sarussophone SA10 Contrebasson fran\u00e7ais FC10 Contrebasson Heckel HC10 Basson fran\u00e7ais FB10 [&hellip;]<\/p>\n","protected":false},"author":1,"featured_media":0,"parent":0,"menu_order":0,"comment_status":"closed","ping_status":"closed","template":"elementor_header_footer","meta":{"_seopress_robots_primary_cat":"","_seopress_titles_title":"","_seopress_titles_desc":"","_seopress_robots_index":"","footnotes":""},"class_list":["post-8309","page","type-page","status-publish","hentry"],"_links":{"self":[{"href":"https:\/\/vandoren.fr\/en\/wp-json\/wp\/v2\/pages\/8309","targetHints":{"allow":["GET"]}}],"collection":[{"href":"https:\/\/vandoren.fr\/en\/wp-json\/wp\/v2\/pages"}],"about":[{"href":"https:\/\/vandoren.fr\/en\/wp-json\/wp\/v2\/types\/page"}],"author":[{"embeddable":true,"href":"https:\/\/vandoren.fr\/en\/wp-json\/wp\/v2\/users\/1"}],"replies":[{"embeddable":true,"href":"https:\/\/vandoren.fr\/en\/wp-json\/wp\/v2\/comments?post=8309"}],"version-history":[{"count":5,"href":"https:\/\/vandoren.fr\/en\/wp-json\/wp\/v2\/pages\/8309\/revisions"}],"predecessor-version":[{"id":20756,"href":"https:\/\/vandoren.fr\/en\/wp-json\/wp\/v2\/pages\/8309\/revisions\/20756"}],"wp:attachment":[{"href":"https:\/\/vandoren.fr\/en\/wp-json\/wp\/v2\/media?parent=8309"}],"curies":[{"name":"wp","href":"https:\/\/api.w.org\/{rel}","templated":true}]}}