{"id":24608,"date":"2020-05-05T08:46:47","date_gmt":"2020-05-05T06:46:47","guid":{"rendered":"https:\/\/vandoren.fr\/?page_id=24608"},"modified":"2020-09-03T17:26:38","modified_gmt":"2020-09-03T15:26:38","slug":"faq-special-covid-19","status":"publish","type":"page","link":"https:\/\/vandoren.fr\/fr\/faq-special-covid-19\/","title":{"rendered":"FAQ sp\u00e9cial Covid-19"},"content":{"rendered":"\t\t<div data-elementor-type=\"wp-page\" data-elementor-id=\"24608\" class=\"elementor elementor-24608\" data-elementor-post-type=\"page\">\n\t\t\t\t\t\t<section class=\"elementor-section elementor-top-section elementor-element elementor-element-b06f75d elementor-section-full_width elementor-section-height-default elementor-section-height-default\" data-id=\"b06f75d\" data-element_type=\"section\" data-e-type=\"section\">\n\t\t\t\t\t\t<div class=\"elementor-container elementor-column-gap-default\">\n\t\t\t\t\t<div class=\"elementor-column elementor-col-100 elementor-top-column elementor-element elementor-element-90923d6\" data-id=\"90923d6\" data-element_type=\"column\" data-e-type=\"column\">\n\t\t\t<div class=\"elementor-widget-wrap elementor-element-populated\">\n\t\t\t\t\t\t<div class=\"elementor-element elementor-element-0db2a45 elementor-widget elementor-widget-spacer\" data-id=\"0db2a45\" data-element_type=\"widget\" data-e-type=\"widget\" data-widget_type=\"spacer.default\">\n\t\t\t\t<div class=\"elementor-widget-container\">\n\t\t\t\t\t\t\t<div class=\"elementor-spacer\">\n\t\t\t<div class=\"elementor-spacer-inner\"><\/div>\n\t\t<\/div>\n\t\t\t\t\t\t<\/div>\n\t\t\t\t<\/div>\n\t\t\t\t<div class=\"elementor-element elementor-element-1a2d130 ee-text-divider--left elementor-widget elementor-widget-text-divider\" data-id=\"1a2d130\" data-element_type=\"widget\" data-e-type=\"widget\" data-widget_type=\"text-divider.default\">\n\t\t\t\t<div class=\"elementor-widget-container\">\n\t\t\t\t\t\t\t<div class=\"ee-text-divider\">\n\t\t\t<div class=\"ee-text-divider__divider ee-text-divider__before\"><\/div>\n\t\t\t<h1 class=\"ee-text-divider__text\">\n\t\t\t\t\t\t\t\t\t\t\t\t\t\t\t\t\t<\/h1>\n\t\t\t<div class=\"ee-text-divider__divider ee-text-divider__after\"><\/div>\n\t\t<\/div>\n\t\t\t\t\t\t<\/div>\n\t\t\t\t<\/div>\n\t\t\t\t<div class=\"elementor-element elementor-element-d849819 elementor-widget elementor-widget-post-info\" data-id=\"d849819\" data-element_type=\"widget\" data-e-type=\"widget\" data-widget_type=\"post-info.default\">\n\t\t\t\t<div class=\"elementor-widget-container\">\n\t\t\t\t\t\t\t<ul class=\"elementor-inline-items elementor-icon-list-items elementor-post-info\">\n\t\t\t\t\t\t\t\t<li class=\"elementor-icon-list-item elementor-repeater-item-1352e4f elementor-inline-item\">\n\t\t\t\t\t\t<a href=\"https:\/\/vandoren.fr\/fr\/?page_id=36\">\n\t\t\t\t\t\t\t\t\t\t\t\t\t\t<span class=\"elementor-icon-list-text elementor-post-info__item elementor-post-info__item--type-custom\">\n\t\t\t\t\t\t\t\t\t\tVandoren Paris\t\t\t\t\t<\/span>\n\t\t\t\t\t\t\t\t\t<\/a>\n\t\t\t\t<\/li>\n\t\t\t\t<\/ul>\n\t\t\t\t\t\t<\/div>\n\t\t\t\t<\/div>\n\t\t\t\t<div class=\"elementor-element elementor-element-7cbd1f7 elementor-widget elementor-widget-spacer\" data-id=\"7cbd1f7\" data-element_type=\"widget\" data-e-type=\"widget\" data-widget_type=\"spacer.default\">\n\t\t\t\t<div class=\"elementor-widget-container\">\n\t\t\t\t\t\t\t<div class=\"elementor-spacer\">\n\t\t\t<div class=\"elementor-spacer-inner\"><\/div>\n\t\t<\/div>\n\t\t\t\t\t\t<\/div>\n\t\t\t\t<\/div>\n\t\t\t\t\t<\/div>\n\t\t<\/div>\n\t\t\t\t\t<\/div>\n\t\t<\/section>\n\t\t\t\t<section class=\"elementor-section elementor-top-section elementor-element elementor-element-f44a829 elementor-section-full_width elementor-section-height-default elementor-section-height-default\" data-id=\"f44a829\" data-element_type=\"section\" data-e-type=\"section\">\n\t\t\t\t\t\t<div class=\"elementor-container elementor-column-gap-default\">\n\t\t\t\t\t<div class=\"elementor-column elementor-col-100 elementor-top-column elementor-element elementor-element-6a9001d\" data-id=\"6a9001d\" data-element_type=\"column\" data-e-type=\"column\">\n\t\t\t<div class=\"elementor-widget-wrap elementor-element-populated\">\n\t\t\t\t\t\t<div class=\"elementor-element elementor-element-94d8355 elementor-widget elementor-widget-text-editor\" data-id=\"94d8355\" data-element_type=\"widget\" data-e-type=\"widget\" data-widget_type=\"text-editor.default\">\n\t\t\t\t<div class=\"elementor-widget-container\">\n\t\t\t\t\t\t\t\t\t<p><b>AVERTISSEMENT<\/b> : votre instrument est personnel, afin d\u2019\u00e9viter tout risque de contamination, ne prenez pas l\u2019instrument de quelqu\u2019un d\u2019autre et ne laissez personne toucher \u00e0 votre bec, votre ligature, vos anches, ou m\u00eame souffler dans votre instrument.<\/p>\t\t\t\t\t\t\t\t<\/div>\n\t\t\t\t<\/div>\n\t\t\t\t<div class=\"elementor-element elementor-element-fcd3614 elementor-widget elementor-widget-spacer\" data-id=\"fcd3614\" data-element_type=\"widget\" data-e-type=\"widget\" data-widget_type=\"spacer.default\">\n\t\t\t\t<div class=\"elementor-widget-container\">\n\t\t\t\t\t\t\t<div class=\"elementor-spacer\">\n\t\t\t<div class=\"elementor-spacer-inner\"><\/div>\n\t\t<\/div>\n\t\t\t\t\t\t<\/div>\n\t\t\t\t<\/div>\n\t\t\t\t\t<\/div>\n\t\t<\/div>\n\t\t\t\t\t<\/div>\n\t\t<\/section>\n\t\t\t\t<section class=\"elementor-section elementor-top-section elementor-element elementor-element-0c443f4 elementor-section-full_width elementor-section-height-default elementor-section-height-default\" data-id=\"0c443f4\" data-element_type=\"section\" data-e-type=\"section\">\n\t\t\t\t\t\t<div class=\"elementor-container elementor-column-gap-default\">\n\t\t\t\t\t<div class=\"elementor-column elementor-col-100 elementor-top-column elementor-element elementor-element-7c6ec27\" data-id=\"7c6ec27\" data-element_type=\"column\" data-e-type=\"column\">\n\t\t\t<div class=\"elementor-widget-wrap elementor-element-populated\">\n\t\t\t\t\t\t<div class=\"elementor-element elementor-element-bc3d719 elementor-widget elementor-widget-heading\" data-id=\"bc3d719\" data-element_type=\"widget\" data-e-type=\"widget\" data-widget_type=\"heading.default\">\n\t\t\t\t<div class=\"elementor-widget-container\">\n\t\t\t\t\t<h3 class=\"elementor-heading-title elementor-size-default\">Risque-t-on de contracter le virus en prenant une anche neuve Vandoren\u00a0?<\/h3>\t\t\t\t<\/div>\n\t\t\t\t<\/div>\n\t\t\t\t<div class=\"elementor-element elementor-element-0c18739 elementor-widget elementor-widget-text-editor\" data-id=\"0c18739\" data-element_type=\"widget\" data-e-type=\"widget\" data-widget_type=\"text-editor.default\">\n\t\t\t\t<div class=\"elementor-widget-container\">\n\t\t\t\t\t\t\t\t\t<p>Chez Vandoren, cela fait d\u00e9j\u00e0 longtemps qu\u2019il n\u2019y a plus de manipulation manuelle des anches lors de la fabrication. Par ailleurs nous avons renforc\u00e9 les mesures sanitaires n\u00e9cessaires et recommand\u00e9es afin de prot\u00e9ger nos salari\u00e9s.<\/p>\n<p>Les seules manipulations manuelles d\u2019anches sont r\u00e9alis\u00e9es pour le contr\u00f4le qualit\u00e9 et le contr\u00f4le musical, et ces anches sont syst\u00e9matiquement d\u00e9truites ensuite (elles rejoignent le reste de nos r\u00e9sidus de roseau qui sert de combustible dans notre chaudi\u00e8re).<\/p>\n<p>De plus, le conditionnement individuel sous flow-pack assure une protection maximale jusqu\u2019\u00e0 ce que l\u2019anche vous parvienne : <strong>vous n&rsquo;avez donc aucun risque de contracter le virus en prenant une anche neuve Vandoren.<\/strong><\/p>\t\t\t\t\t\t\t\t<\/div>\n\t\t\t\t<\/div>\n\t\t\t\t<div class=\"elementor-element elementor-element-cdfe84f elementor-widget-divider--view-line elementor-widget elementor-widget-divider\" data-id=\"cdfe84f\" data-element_type=\"widget\" data-e-type=\"widget\" data-widget_type=\"divider.default\">\n\t\t\t\t<div class=\"elementor-widget-container\">\n\t\t\t\t\t\t\t<div class=\"elementor-divider\">\n\t\t\t<span class=\"elementor-divider-separator\">\n\t\t\t\t\t\t<\/span>\n\t\t<\/div>\n\t\t\t\t\t\t<\/div>\n\t\t\t\t<\/div>\n\t\t\t\t\t<\/div>\n\t\t<\/div>\n\t\t\t\t\t<\/div>\n\t\t<\/section>\n\t\t\t\t<section class=\"elementor-section elementor-top-section elementor-element elementor-element-7ac1825 elementor-section-full_width elementor-section-height-default elementor-section-height-default\" data-id=\"7ac1825\" data-element_type=\"section\" data-e-type=\"section\">\n\t\t\t\t\t\t<div class=\"elementor-container elementor-column-gap-default\">\n\t\t\t\t\t<div class=\"elementor-column elementor-col-100 elementor-top-column elementor-element elementor-element-cea537b\" data-id=\"cea537b\" data-element_type=\"column\" data-e-type=\"column\">\n\t\t\t<div class=\"elementor-widget-wrap elementor-element-populated\">\n\t\t\t\t\t\t<div class=\"elementor-element elementor-element-e55bc2a elementor-widget elementor-widget-heading\" data-id=\"e55bc2a\" data-element_type=\"widget\" data-e-type=\"widget\" data-widget_type=\"heading.default\">\n\t\t\t\t<div class=\"elementor-widget-container\">\n\t\t\t\t\t<h3 class=\"elementor-heading-title elementor-size-default\">Risque-t-on de de contracter le virus en achetant un bec neuf Vandoren\u00a0?<\/h3>\t\t\t\t<\/div>\n\t\t\t\t<\/div>\n\t\t\t\t<div class=\"elementor-element elementor-element-daf285e elementor-widget elementor-widget-text-editor\" data-id=\"daf285e\" data-element_type=\"widget\" data-e-type=\"widget\" data-widget_type=\"text-editor.default\">\n\t\t\t\t<div class=\"elementor-widget-container\">\n\t\t\t\t\t\t\t\t\t<p>Bien que la fabrication des becs soit extr\u00eamement automatis\u00e9e, ceux-ci sont finis et contr\u00f4l\u00e9s \u00e0 la main.<\/p><p>Outre les mesures barri\u00e8res qui sont appliqu\u00e9es drastiquement \u00e0 notre usine comme le port obligatoire du masque, le port de gants, ainsi que toutes les autres mesures barri\u00e8res appliqu\u00e9es depuis le d\u00e9but de la pand\u00e9mie, les scientifiques s\u2019accordent \u00e0 dire que la charge virale du covid-19 devient trop faible donc non contaminante apr\u00e8s 72 heures.<\/p><p>Dans notre usine, une fois les becs nettoy\u00e9s et conditionn\u00e9s, il se passe plusieurs semaines avant que vous puissiez vous procurer votre bec : <strong>vous n&rsquo;avez donc aucun risque de contracter le virus en prenant un bec neuf neuf Vandoren.<\/strong><\/p>\t\t\t\t\t\t\t\t<\/div>\n\t\t\t\t<\/div>\n\t\t\t\t<div class=\"elementor-element elementor-element-44f8a8f elementor-widget-divider--view-line elementor-widget elementor-widget-divider\" data-id=\"44f8a8f\" data-element_type=\"widget\" data-e-type=\"widget\" data-widget_type=\"divider.default\">\n\t\t\t\t<div class=\"elementor-widget-container\">\n\t\t\t\t\t\t\t<div class=\"elementor-divider\">\n\t\t\t<span class=\"elementor-divider-separator\">\n\t\t\t\t\t\t<\/span>\n\t\t<\/div>\n\t\t\t\t\t\t<\/div>\n\t\t\t\t<\/div>\n\t\t\t\t\t<\/div>\n\t\t<\/div>\n\t\t\t\t\t<\/div>\n\t\t<\/section>\n\t\t\t\t<section class=\"elementor-section elementor-top-section elementor-element elementor-element-b32318c elementor-section-full_width elementor-section-height-default elementor-section-height-default\" data-id=\"b32318c\" data-element_type=\"section\" data-e-type=\"section\">\n\t\t\t\t\t\t<div class=\"elementor-container elementor-column-gap-default\">\n\t\t\t\t\t<div class=\"elementor-column elementor-col-100 elementor-top-column elementor-element elementor-element-dc4799e\" data-id=\"dc4799e\" data-element_type=\"column\" data-e-type=\"column\">\n\t\t\t<div class=\"elementor-widget-wrap elementor-element-populated\">\n\t\t\t\t\t\t<section class=\"elementor-section elementor-inner-section elementor-element elementor-element-3e8004a elementor-section-full_width elementor-section-height-default elementor-section-height-default\" data-id=\"3e8004a\" data-element_type=\"section\" data-e-type=\"section\" data-settings=\"{&quot;background_background&quot;:&quot;classic&quot;,&quot;background_image&quot;:{&quot;url&quot;:&quot;&quot;,&quot;id&quot;:&quot;&quot;,&quot;size&quot;:&quot;&quot;},&quot;background_image_tablet&quot;:{&quot;url&quot;:&quot;&quot;,&quot;id&quot;:&quot;&quot;,&quot;size&quot;:&quot;&quot;},&quot;background_image_mobile&quot;:{&quot;url&quot;:&quot;&quot;,&quot;id&quot;:&quot;&quot;,&quot;size&quot;:&quot;&quot;}}\">\n\t\t\t\t\t\t<div class=\"elementor-container elementor-column-gap-default\">\n\t\t\t\t\t<div class=\"elementor-column elementor-col-33 elementor-inner-column elementor-element elementor-element-9b1876f\" data-id=\"9b1876f\" data-element_type=\"column\" data-e-type=\"column\">\n\t\t\t<div class=\"elementor-widget-wrap elementor-element-populated\">\n\t\t\t\t\t\t<div class=\"elementor-element elementor-element-aa68a81 elementor-widget elementor-widget-heading\" data-id=\"aa68a81\" data-element_type=\"widget\" data-e-type=\"widget\" data-widget_type=\"heading.default\">\n\t\t\t\t<div class=\"elementor-widget-container\">\n\t\t\t\t\t<h3 class=\"elementor-heading-title elementor-size-default\">Autres liens :<\/h3>\t\t\t\t<\/div>\n\t\t\t\t<\/div>\n\t\t\t\t\t<\/div>\n\t\t<\/div>\n\t\t\t\t<div class=\"elementor-column elementor-col-33 elementor-inner-column elementor-element elementor-element-64ed9ea\" data-id=\"64ed9ea\" data-element_type=\"column\" data-e-type=\"column\">\n\t\t\t<div class=\"elementor-widget-wrap elementor-element-populated\">\n\t\t\t\t\t\t<div class=\"elementor-element elementor-element-f29292b elementor-align-center elementor-widget elementor-widget-button\" data-id=\"f29292b\" data-element_type=\"widget\" data-e-type=\"widget\" data-widget_type=\"button.default\">\n\t\t\t\t<div class=\"elementor-widget-container\">\n\t\t\t\t\t\t\t\t\t<div class=\"elementor-button-wrapper\">\n\t\t\t\t\t<a class=\"elementor-button elementor-button-link elementor-size-sm\" href=\"https:\/\/vandoren.fr\/fr\/comment-nettoyer-son-bec\/\">\n\t\t\t\t\t\t<span class=\"elementor-button-content-wrapper\">\n\t\t\t\t\t\t\t\t\t<span class=\"elementor-button-text\">Nettoyage ordinaire de votre bec<\/span>\n\t\t\t\t\t<\/span>\n\t\t\t\t\t<\/a>\n\t\t\t\t<\/div>\n\t\t\t\t\t\t\t\t<\/div>\n\t\t\t\t<\/div>\n\t\t\t\t\t<\/div>\n\t\t<\/div>\n\t\t\t\t<div class=\"elementor-column elementor-col-33 elementor-inner-column elementor-element elementor-element-afcefb9\" data-id=\"afcefb9\" data-element_type=\"column\" data-e-type=\"column\">\n\t\t\t<div class=\"elementor-widget-wrap elementor-element-populated\">\n\t\t\t\t\t\t<div class=\"elementor-element elementor-element-f004320 elementor-align-center elementor-widget elementor-widget-button\" data-id=\"f004320\" data-element_type=\"widget\" data-e-type=\"widget\" data-widget_type=\"button.default\">\n\t\t\t\t<div class=\"elementor-widget-container\">\n\t\t\t\t\t\t\t\t\t<div class=\"elementor-button-wrapper\">\n\t\t\t\t\t<a class=\"elementor-button elementor-button-link elementor-size-sm\" href=\"https:\/\/vandoren.fr\/fr\/comment-desinfecter-son-bec\/\">\n\t\t\t\t\t\t<span class=\"elementor-button-content-wrapper\">\n\t\t\t\t\t\t\t\t\t<span class=\"elementor-button-text\">Nettoyer et D\u00e9sinfecter votre bec<\/span>\n\t\t\t\t\t<\/span>\n\t\t\t\t\t<\/a>\n\t\t\t\t<\/div>\n\t\t\t\t\t\t\t\t<\/div>\n\t\t\t\t<\/div>\n\t\t\t\t\t<\/div>\n\t\t<\/div>\n\t\t\t\t\t<\/div>\n\t\t<\/section>\n\t\t\t\t<div class=\"elementor-element elementor-element-b1fc13d elementor-widget-divider--view-line elementor-widget elementor-widget-divider\" data-id=\"b1fc13d\" data-element_type=\"widget\" data-e-type=\"widget\" data-widget_type=\"divider.default\">\n\t\t\t\t<div class=\"elementor-widget-container\">\n\t\t\t\t\t\t\t<div class=\"elementor-divider\">\n\t\t\t<span class=\"elementor-divider-separator\">\n\t\t\t\t\t\t<\/span>\n\t\t<\/div>\n\t\t\t\t\t\t<\/div>\n\t\t\t\t<\/div>\n\t\t\t\t\t<\/div>\n\t\t<\/div>\n\t\t\t\t\t<\/div>\n\t\t<\/section>\n\t\t\t\t<section class=\"elementor-section elementor-top-section elementor-element elementor-element-ea30285 elementor-section-full_width elementor-section-height-default elementor-section-height-default\" data-id=\"ea30285\" data-element_type=\"section\" data-e-type=\"section\">\n\t\t\t\t\t\t<div class=\"elementor-container elementor-column-gap-default\">\n\t\t\t\t\t<div class=\"elementor-column elementor-col-100 elementor-top-column elementor-element elementor-element-95f27b1\" data-id=\"95f27b1\" data-element_type=\"column\" data-e-type=\"column\">\n\t\t\t<div class=\"elementor-widget-wrap elementor-element-populated\">\n\t\t\t\t\t\t<div class=\"elementor-element elementor-element-e459c61 elementor-widget elementor-widget-heading\" data-id=\"e459c61\" data-element_type=\"widget\" data-e-type=\"widget\" data-widget_type=\"heading.default\">\n\t\t\t\t<div class=\"elementor-widget-container\">\n\t\t\t\t\t<h3 class=\"elementor-heading-title elementor-size-default\">Pr\u00e9cautions contre le COVID-19 chez Vandoren<\/h3>\t\t\t\t<\/div>\n\t\t\t\t<\/div>\n\t\t\t\t<div class=\"elementor-element elementor-element-30f65d4 elementor-widget elementor-widget-video\" data-id=\"30f65d4\" data-element_type=\"widget\" data-e-type=\"widget\" data-settings=\"{&quot;youtube_url&quot;:&quot;https:\\\/\\\/youtu.be\\\/OaPHAJP5zJI&quot;,&quot;yt_privacy&quot;:&quot;yes&quot;,&quot;video_type&quot;:&quot;youtube&quot;,&quot;controls&quot;:&quot;yes&quot;}\" data-widget_type=\"video.default\">\n\t\t\t\t<div class=\"elementor-widget-container\">\n\t\t\t\t\t\t\t<div class=\"elementor-wrapper elementor-open-inline\">\n\t\t\t<div class=\"elementor-video\"><\/div>\t\t<\/div>\n\t\t\t\t\t\t<\/div>\n\t\t\t\t<\/div>\n\t\t\t\t<div class=\"elementor-element elementor-element-072b22d elementor-widget elementor-widget-spacer\" data-id=\"072b22d\" data-element_type=\"widget\" data-e-type=\"widget\" data-widget_type=\"spacer.default\">\n\t\t\t\t<div class=\"elementor-widget-container\">\n\t\t\t\t\t\t\t<div class=\"elementor-spacer\">\n\t\t\t<div class=\"elementor-spacer-inner\"><\/div>\n\t\t<\/div>\n\t\t\t\t\t\t<\/div>\n\t\t\t\t<\/div>\n\t\t\t\t\t<\/div>\n\t\t<\/div>\n\t\t\t\t\t<\/div>\n\t\t<\/section>\n\t\t\t\t<\/div>\n\t\t","protected":false},"excerpt":{"rendered":"<p>AVERTISSEMENT : votre instrument est personnel, afin d\u2019\u00e9viter tout risque de contamination, ne prenez pas l\u2019instrument de quelqu\u2019un d\u2019autre et ne laissez personne toucher \u00e0 votre bec, votre ligature, vos anches, ou m\u00eame souffler dans votre instrument. Risque-t-on de contracter le virus en prenant une anche neuve Vandoren\u00a0? Chez Vandoren, cela fait d\u00e9j\u00e0 longtemps qu\u2019il [&hellip;]<\/p>\n","protected":false},"author":1,"featured_media":0,"parent":0,"menu_order":0,"comment_status":"closed","ping_status":"closed","template":"elementor_header_footer","meta":{"_seopress_robots_primary_cat":"","_seopress_titles_title":"","_seopress_titles_desc":"","_seopress_robots_index":"","footnotes":""},"class_list":["post-24608","page","type-page","status-publish","hentry"],"_links":{"self":[{"href":"https:\/\/vandoren.fr\/fr\/wp-json\/wp\/v2\/pages\/24608","targetHints":{"allow":["GET"]}}],"collection":[{"href":"https:\/\/vandoren.fr\/fr\/wp-json\/wp\/v2\/pages"}],"about":[{"href":"https:\/\/vandoren.fr\/fr\/wp-json\/wp\/v2\/types\/page"}],"author":[{"embeddable":true,"href":"https:\/\/vandoren.fr\/fr\/wp-json\/wp\/v2\/users\/1"}],"replies":[{"embeddable":true,"href":"https:\/\/vandoren.fr\/fr\/wp-json\/wp\/v2\/comments?post=24608"}],"version-history":[{"count":5,"href":"https:\/\/vandoren.fr\/fr\/wp-json\/wp\/v2\/pages\/24608\/revisions"}],"predecessor-version":[{"id":25129,"href":"https:\/\/vandoren.fr\/fr\/wp-json\/wp\/v2\/pages\/24608\/revisions\/25129"}],"wp:attachment":[{"href":"https:\/\/vandoren.fr\/fr\/wp-json\/wp\/v2\/media?parent=24608"}],"curies":[{"name":"wp","href":"https:\/\/api.w.org\/{rel}","templated":true}]}}